{"id":24,"date":"2020-10-28T08:03:18","date_gmt":"2020-10-28T08:03:18","guid":{"rendered":"https:\/\/www.whatthefinland.fi\/?page_id=24"},"modified":"2026-01-20T09:17:51","modified_gmt":"2026-01-20T09:17:51","slug":"uusi-umoma-avaa-ovensa-2","status":"publish","type":"page","link":"https:\/\/www.whatthefinland.fi\/fi\/uusi-umoma-avaa-ovensa-2\/","title":{"rendered":"WTFin?"},"content":{"rendered":"<p>Yhdistyksen tarkoitus on edist\u00e4\u00e4 suomalaisen kulttuurin tuntemusta, ty\u00f6skennell\u00e4 kulttuurisen kehityksen puolesta ja lis\u00e4t\u00e4 maiden ja ihmisten v\u00e4lisi\u00e4 kulttuuriyhteisty\u00f6t\u00e4 ja kanssak\u00e4ymist\u00e4. Yhdistys toimii maahanmuuttajien tukena ja neuvonantajana kotoutumiseen liittyviss\u00e4 asioissa. <\/p>\n\n\n\n<p>Toimintamme perustuu kokonaisvaltaiseen kotoutuminen-ty\u00f6llisyys-hyvinvointi-malliin. N\u00e4emme, ett\u00e4 jokaisen el\u00e4m\u00e4n osa-alueen huomioiminen on ratkaisevan t\u00e4rke\u00e4\u00e4 sujuvan kotoutumisen ja el\u00e4m\u00e4n menestyksen kannalta. Tarjoamalla kattavaa tukea varmistamme, ett\u00e4 maahanmuuttajat eiv\u00e4t ainoastaan l\u00f6yd\u00e4 ty\u00f6t\u00e4, vaan saavuttavat my\u00f6s yhteenkuuluvuuden tunteen ja kokonaisvaltaisen hyvinvoinnin uusissa yhteis\u00f6iss\u00e4\u00e4n.<\/p>\n\n\n\n<p><\/p>","protected":false},"excerpt":{"rendered":"<p>Our purpose is to promote awareness of Finnish culture, work towards cultural development, and increase cultural cooperation and interaction between countries and people. WTF also acts as a support and advisor for immigrants in matters related to integration. Our work is based on a holistic integration-employment-wellbeing model as we see that addressing all aspects of [&hellip;]<\/p>\n","protected":false},"author":1,"featured_media":0,"parent":0,"menu_order":0,"comment_status":"closed","ping_status":"closed","template":"","meta":{"footnotes":""},"class_list":["post-24","page","type-page","status-publish","hentry"],"_links":{"self":[{"href":"https:\/\/www.whatthefinland.fi\/fi\/wp-json\/wp\/v2\/pages\/24","targetHints":{"allow":["GET"]}}],"collection":[{"href":"https:\/\/www.whatthefinland.fi\/fi\/wp-json\/wp\/v2\/pages"}],"about":[{"href":"https:\/\/www.whatthefinland.fi\/fi\/wp-json\/wp\/v2\/types\/page"}],"author":[{"embeddable":true,"href":"https:\/\/www.whatthefinland.fi\/fi\/wp-json\/wp\/v2\/users\/1"}],"replies":[{"embeddable":true,"href":"https:\/\/www.whatthefinland.fi\/fi\/wp-json\/wp\/v2\/comments?post=24"}],"version-history":[{"count":11,"href":"https:\/\/www.whatthefinland.fi\/fi\/wp-json\/wp\/v2\/pages\/24\/revisions"}],"predecessor-version":[{"id":525,"href":"https:\/\/www.whatthefinland.fi\/fi\/wp-json\/wp\/v2\/pages\/24\/revisions\/525"}],"wp:attachment":[{"href":"https:\/\/www.whatthefinland.fi\/fi\/wp-json\/wp\/v2\/media?parent=24"}],"curies":[{"name":"wp","href":"https:\/\/api.w.org\/{rel}","templated":true}]}}