{"id":262,"date":"2025-04-11T20:45:28","date_gmt":"2025-04-11T20:45:28","guid":{"rendered":"https:\/\/www.whatthefinland.fi\/?page_id=262"},"modified":"2025-08-26T17:53:05","modified_gmt":"2025-08-26T17:53:05","slug":"2025-sustainable-villages","status":"publish","type":"page","link":"https:\/\/www.whatthefinland.fi\/fi\/2025-sustainable-villages\/","title":{"rendered":"2025 Kest\u00e4v\u00e4t kyl\u00e4t"},"content":{"rendered":"<p>The preparatory Leader project is focusing on the concrete measures required to strengthen the community and crisis preparedness in the Ostrobothnia region, in response to potential crises such as climate change, extreme weather events, vulnerabilities in energy infrastructure, environmental pollution, as well as the growing threats of hybrid influence and warfare.<\/p>\n\n\n\n<p>Valmistelun avulla kehitet\u00e4\u00e4n hanketta, jonka tavoitteena on kehitt\u00e4\u00e4 monikulttuurisia toimintamalleja, jotka tukevat eri kieli- ja kulttuuriyhteis\u00f6jen kyky\u00e4 varautua, toimia ymp\u00e4rist\u00f6n ja ilmaston hyv\u00e4ksi sek\u00e4 samalla lis\u00e4t\u00e4 kulttuurien v\u00e4list\u00e4 vuorovaikutusta, yhteis\u00f6llisyytt\u00e4 ja rasismin ehk\u00e4isy\u00e4. Tavoitteena on kehitt\u00e4\u00e4 yksil\u00f6- ja yhteis\u00f6tason k\u00e4yt\u00e4nn\u00f6n ratkaisuja tukemaan alueen resilienssi\u00e4 ja varautumista kriiseihin, sek\u00e4 osallistaa alueen eri kieli- ja kulttuuriryhmi\u00e4 yhteistoimintaan.<\/p>\n\n\n\n<p>Hankkeen valmisteluvaiheessa tehd\u00e4\u00e4n asiantuntijahaastatteluja ja kuntalaiskartoituksia, joiden avulla tunnistetaan alueelliset tarpeet ja kehityskohteet. Hanketta suunnitellaan Laihian ja V\u00e4h\u00e4kyr\u00f6n alueelle. Valmistelu toteutetaan aikav\u00e4lill\u00e4 1.2.-31.5.2025.<\/p>\n\n\n\n<p><strong>Programme\/Fund &#8211; Ohjelma\/Rahasto:<\/strong> <strong>European Agricultural Fund for Rural Development 2023\u20132027 &#8211; Euroopan maaseuturahasto 2023\u20132027<\/strong><\/p>\n\n\n\n<ul class=\"wp-block-list\">\n<li>Project Number &#8211; Hankenumero: 324929<\/li>\n\n\n\n<li>End Date &#8211; Loppumisp\u00e4iv\u00e4m\u00e4\u00e4r\u00e4: 31.05.2025<\/li>\n\n\n\n<li>Leader Project &#8211; Leader-hanke: Yes &#8211; Kyll\u00e4<\/li>\n\n\n\n<li>Rural Area Type &#8211; Maaseututyyppi: Peri-urban rural area &#8211; Kaupunkien l\u00e4heinen maaseutu<\/li>\n\n\n\n<li>Measure &#8211; Toimenpide: Preparatory funding &#8211; Valmisteluraha<\/li>\n\n\n\n<li>Sub-measure &#8211; Alatoimenpide: Smart Villages cooperation projects &#8211; \u00c4lykk\u00e4\u00e4t kyl\u00e4t yhteisty\u00f6hankkeet<\/li>\n\n\n\n<li>Type of Measure &#8211; Toimenpiteen tyyppi: Cooperation projects &#8211; Yhteisty\u00f6hankkeet<\/li>\n\n\n\n<li>Specification of Measure &#8211; Toimenpiteen tarkenne: Smart Village preparatory funding &#8211; \u00c4lyk\u00e4s kyl\u00e4 -valmisteluraha, \u20ac5,000<\/li>\n\n\n\n<li>Nature of the Project &#8211; Hankeluonne: Local\/Regional &#8211; Paikallinen\/Alueellinen<\/li>\n\n\n\n<li>Target Area &#8211; Kohdealue: SO8<\/li>\n<\/ul>\n\n\n\n<p><\/p>\n\n\n\n<p><strong>Pohjanmaan ELY-keskus &#8211; Ostrobotnia ELY Centre \/ YHYRES-kehitt\u00e4misyhdistys ry \/ Vaasa<\/strong><\/p>\n\n\n\n<ul class=\"wp-block-list\">\n<li>Total funding &#8211; Kokonaisrahoitus: 5 000,00 \u20ac <\/li>\n\n\n\n<li>EU, State and possible municipal contribution via Leader group &#8211; EU:n ja valtion osuus sek\u00e4 mahdollinen kuntaraha Leader-ryhm\u00e4lt\u00e4: 5 000,00 \u20ac<\/li>\n\n\n\n<li>Share of public funding 100 % and breakdown &#8211; Julkisen rahoituksen osuus 100 % ja jakautuminen:\n<ul class=\"wp-block-list\">\n<li>EU: 2 150,00 \u20ac<\/li>\n\n\n\n<li>State &#8211; Valtio: 1 850,00 \u20ac<\/li>\n\n\n\n<li>Direct municipal contribution &#8211; Kunnan suora rahoitus hankkeeseen: 0,00 \u20ac<\/li>\n\n\n\n<li>Municipal contribution via Leader group &#8211; Kuntaraha Leader-ryhm\u00e4lt\u00e4: 1 000,00 \u20ac<\/li>\n\n\n\n<li>Other public support &#8211; Muu julkinen tuki: 0,00 \u20ac<\/li>\n<\/ul>\n<\/li>\n<\/ul>\n\n\n\n<p><\/p>\n\n\n\n<p><a href=\"https:\/\/maaseutuverkosto.fi\/hankkeet\/kestavat-kylat-yhteisollisyys-kestava-kehitys-ja-varautuminen\/\">Lis\u00e4tietoja hankkeesta<\/a><\/p>","protected":false},"excerpt":{"rendered":"<p>The preparatory Leader project is focusing on the concrete measures required to strengthen the community and crisis preparedness in the Ostrobothnia region, in response to potential crises such as climate change, extreme weather events, vulnerabilities in energy infrastructure, environmental pollution, as well as the growing threats of hybrid influence and warfare. Through this preparation, the [&hellip;]<\/p>\n","protected":false},"author":1,"featured_media":0,"parent":0,"menu_order":0,"comment_status":"closed","ping_status":"closed","template":"","meta":{"footnotes":""},"class_list":["post-262","page","type-page","status-publish","hentry"],"_links":{"self":[{"href":"https:\/\/www.whatthefinland.fi\/fi\/wp-json\/wp\/v2\/pages\/262","targetHints":{"allow":["GET"]}}],"collection":[{"href":"https:\/\/www.whatthefinland.fi\/fi\/wp-json\/wp\/v2\/pages"}],"about":[{"href":"https:\/\/www.whatthefinland.fi\/fi\/wp-json\/wp\/v2\/types\/page"}],"author":[{"embeddable":true,"href":"https:\/\/www.whatthefinland.fi\/fi\/wp-json\/wp\/v2\/users\/1"}],"replies":[{"embeddable":true,"href":"https:\/\/www.whatthefinland.fi\/fi\/wp-json\/wp\/v2\/comments?post=262"}],"version-history":[{"count":11,"href":"https:\/\/www.whatthefinland.fi\/fi\/wp-json\/wp\/v2\/pages\/262\/revisions"}],"predecessor-version":[{"id":428,"href":"https:\/\/www.whatthefinland.fi\/fi\/wp-json\/wp\/v2\/pages\/262\/revisions\/428"}],"wp:attachment":[{"href":"https:\/\/www.whatthefinland.fi\/fi\/wp-json\/wp\/v2\/media?parent=262"}],"curies":[{"name":"wp","href":"https:\/\/api.w.org\/{rel}","templated":true}]}}