{"id":374,"date":"2025-06-16T19:26:10","date_gmt":"2025-06-16T19:26:10","guid":{"rendered":"https:\/\/www.whatthefinland.fi\/?page_id=374"},"modified":"2025-06-16T19:26:10","modified_gmt":"2025-06-16T19:26:10","slug":"lean-startup-training","status":"publish","type":"page","link":"https:\/\/www.whatthefinland.fi\/fi\/lean-startup-training\/","title":{"rendered":"Lean Startup -koulutus"},"content":{"rendered":"<p>Lean Startup -koulutuksemme tarjoaa k\u00e4yt\u00e4nn\u00f6llisen ja tehokkaan polun oman liikeidean kehitt\u00e4miseen ja k\u00e4ynnist\u00e4miseen. Opit testaamaan ja jalostamaan ideaasi nopeasti, minimoimaan riskit sek\u00e4 vastaamaan aidosti asiakkaiden tarpeisiin.<\/p>\n\n\n\n<p><strong>Mik\u00e4 tekee koulutuksesta erityisen:<\/strong><br>Yhdist\u00e4mme osallistujat paikallisiin mikro-yritt\u00e4jiin, mik\u00e4 avaa arvokkaita verkostoitumismahdollisuuksia ja mahdollistaa aitoja kumppanuuksia. Saat k\u00e4yt\u00e4nn\u00f6n tukea ja neuvoja kokeneilta yritt\u00e4jilt\u00e4 sek\u00e4 rakennat kontakteja, jotka voivat johtaa uusiin asiakkaisiin ja yhteisty\u00f6h\u00f6n.<\/p>\n\n\n\n<p><strong>Keskeiset teemat<\/strong><\/p>\n\n\n\n<ul class=\"wp-block-list\">\n<li>Asiakastarpeiden ymm\u00e4rt\u00e4minen ja testaaminen<\/li>\n\n\n\n<li>Nopea kokeilu ja oppiminen<\/li>\n\n\n\n<li>Liiketoimintamallin kehitt\u00e4minen ja validointi<\/li>\n\n\n\n<li>Resurssien tehokas hy\u00f6dynt\u00e4minen<\/li>\n\n\n\n<li>Verkostoituminen ja kumppanuudet mikroyritt\u00e4jien kanssa<\/li>\n<\/ul>\n\n\n\n<p>Koulutus sopii erityisesti yritt\u00e4jyytt\u00e4 suunnitteleville ja uusille yritt\u00e4jille, jotka haluavat rakentaa kannattavaa liiketoimintaa tehokkain lean-menetelmin.<\/p>","protected":false},"excerpt":{"rendered":"<p>Our Lean Startup training offers a practical and effective path to developing and launching your own business idea. You\u2019ll learn how to test and refine your business quickly, minimize risks, and truly respond to customer needs. What makes this training special:We connect training participants with local microentrepreneurs, opening valuable networking opportunities and enabling real partnerships. [&hellip;]<\/p>\n","protected":false},"author":1,"featured_media":0,"parent":0,"menu_order":0,"comment_status":"closed","ping_status":"closed","template":"","meta":{"footnotes":""},"class_list":["post-374","page","type-page","status-publish","hentry"],"_links":{"self":[{"href":"https:\/\/www.whatthefinland.fi\/fi\/wp-json\/wp\/v2\/pages\/374","targetHints":{"allow":["GET"]}}],"collection":[{"href":"https:\/\/www.whatthefinland.fi\/fi\/wp-json\/wp\/v2\/pages"}],"about":[{"href":"https:\/\/www.whatthefinland.fi\/fi\/wp-json\/wp\/v2\/types\/page"}],"author":[{"embeddable":true,"href":"https:\/\/www.whatthefinland.fi\/fi\/wp-json\/wp\/v2\/users\/1"}],"replies":[{"embeddable":true,"href":"https:\/\/www.whatthefinland.fi\/fi\/wp-json\/wp\/v2\/comments?post=374"}],"version-history":[{"count":1,"href":"https:\/\/www.whatthefinland.fi\/fi\/wp-json\/wp\/v2\/pages\/374\/revisions"}],"predecessor-version":[{"id":375,"href":"https:\/\/www.whatthefinland.fi\/fi\/wp-json\/wp\/v2\/pages\/374\/revisions\/375"}],"wp:attachment":[{"href":"https:\/\/www.whatthefinland.fi\/fi\/wp-json\/wp\/v2\/media?parent=374"}],"curies":[{"name":"wp","href":"https:\/\/api.w.org\/{rel}","templated":true}]}}